{"id":1087,"date":"2024-05-08T19:08:49","date_gmt":"2024-05-08T19:08:49","guid":{"rendered":"https:\/\/ciudadessinborde.casadelasestrategias.com\/?page_id=1087"},"modified":"2024-05-15T23:01:13","modified_gmt":"2024-05-15T23:01:13","slug":"exposicionfisica","status":"publish","type":"page","link":"https:\/\/ciudadessinborde.casadelasestrategias.com\/index.php\/exposicionfisica\/","title":{"rendered":"Exposici\u00f3nF\u00edsica"},"content":{"rendered":"<p>[et_pb_section fb_built=\u00bb1&#8243; _builder_version=\u00bb4.25.0&#8243; _module_preset=\u00bbdefault\u00bb background_color=\u00bb#422e80&#8243; custom_margin=\u00bb0px||0px||false|false\u00bb custom_padding=\u00bb0px||0px||false|false\u00bb locked=\u00bboff\u00bb global_colors_info=\u00bb{}\u00bb][et_pb_row _builder_version=\u00bb4.25.0&#8243; _module_preset=\u00bbdefault\u00bb global_colors_info=\u00bb{}\u00bb][et_pb_column type=\u00bb4_4&#8243; _builder_version=\u00bb4.25.0&#8243; _module_preset=\u00bbdefault\u00bb global_colors_info=\u00bb{}\u00bb][et_pb_button button_url=\u00bbhttps:\/\/ciudadessinborde.casadelasestrategias.com\/\u00bb button_text=\u00bbTR\u00c1NSITOS SIN BORDE\u00bb button_alignment=\u00bbcenter\u00bb _builder_version=\u00bb4.25.0&#8243; _module_preset=\u00bbdefault\u00bb custom_button=\u00bbon\u00bb button_text_size=\u00bb26px\u00bb button_text_color=\u00bb#febd11&#8243; button_border_width=\u00bb0px\u00bb button_border_color=\u00bbRGBA(255,255,255,0)\u00bb button_letter_spacing=\u00bb15px\u00bb button_font=\u00bbBarlow|900|||||||\u00bb button_use_icon=\u00bboff\u00bb box_shadow_style=\u00bbpreset3&#8243; global_colors_info=\u00bb{}\u00bb transform_styles__hover_enabled=\u00bbon|desktop\u00bb transform_scale__hover_enabled=\u00bbon|desktop\u00bb transform_translate__hover_enabled=\u00bbon|desktop\u00bb transform_rotate__hover_enabled=\u00bbon|desktop\u00bb transform_skew__hover_enabled=\u00bbon|desktop\u00bb transform_origin__hover_enabled=\u00bbon|desktop\u00bb transform_scale__hover=\u00bb110%|110%\u00bb][\/et_pb_button][\/et_pb_column][\/et_pb_row][\/et_pb_section][et_pb_section fb_built=\u00bb1&#8243; _builder_version=\u00bb4.25.0&#8243; _module_preset=\u00bbdefault\u00bb background_color=\u00bb#352769&#8243; background_enable_image=\u00bboff\u00bb width=\u00bb100%\u00bb max_width=\u00bb100%\u00bb min_height=\u00bb628px\u00bb custom_margin=\u00bb0px||0px||false|false\u00bb custom_padding=\u00bb0px||0px||false|false\u00bb global_colors_info=\u00bb{}\u00bb][et_pb_row _builder_version=\u00bb4.25.0&#8243; _module_preset=\u00bbdefault\u00bb custom_margin=\u00bb0px||||false|false\u00bb custom_padding=\u00bb30px||0px||false|false\u00bb global_colors_info=\u00bb{}\u00bb][et_pb_column type=\u00bb4_4&#8243; _builder_version=\u00bb4.25.0&#8243; _module_preset=\u00bbdefault\u00bb global_colors_info=\u00bb{}\u00bb][et_pb_heading title=\u00bbExposici\u00f3n fotogr\u00e1fica f\u00edsica e itinerante \u00bb _builder_version=\u00bb4.25.0&#8243; _module_preset=\u00bbdefault\u00bb title_font=\u00bbBarlow|700|||||||\u00bb title_text_align=\u00bbcenter\u00bb title_text_color=\u00bb#FFFFFF\u00bb title_font_size=\u00bb40px\u00bb global_colors_info=\u00bb{}\u00bb][\/et_pb_heading][\/et_pb_column][\/et_pb_row][et_pb_row column_structure=\u00bb1_3,1_3,1_3&#8243; _builder_version=\u00bb4.25.0&#8243; _module_preset=\u00bbdefault\u00bb width=\u00bb100%\u00bb max_width=\u00bb1350px\u00bb global_colors_info=\u00bb{}\u00bb][et_pb_column type=\u00bb1_3&#8243; _builder_version=\u00bb4.25.0&#8243; _module_preset=\u00bbdefault\u00bb global_colors_info=\u00bb{}\u00bb][et_pb_blurb title=\u00bbApartad\u00f3\u00bb image=\u00bbhttps:\/\/ciudadessinborde.casadelasestrategias.com\/wp-content\/uploads\/2024\/05\/43434.png\u00bb _builder_version=\u00bb4.25.0&#8243; _module_preset=\u00bbdefault\u00bb header_font=\u00bbBarlow|700|||||||\u00bb header_text_align=\u00bbcenter\u00bb header_text_color=\u00bb#412c86&#8243; header_font_size=\u00bb30px\u00bb body_font=\u00bbBarlow|600|||||||\u00bb body_text_align=\u00bbcenter\u00bb body_text_color=\u00bb#352769&#8243; body_font_size=\u00bb18px\u00bb background_color=\u00bb#febd11&#8243; custom_margin=\u00bb10px||||false|false\u00bb custom_padding=\u00bb20px|20px|20px|20px|true|true\u00bb border_radii=\u00bbon|20px|20px|20px|20px\u00bb border_radii_image=\u00bbon|20px|20px|20px|20px\u00bb box_shadow_style_image=\u00bbpreset3&#8243; global_colors_info=\u00bb{}\u00bb]<\/p>\n<p style=\"text-align: center;\"><span data-sheets-root=\"1\" data-sheets-value=\"{&quot;1&quot;:2,&quot;2&quot;:&quot;J.A.C Barrio Obrero&quot;}\" data-sheets-userformat=\"{&quot;2&quot;:14849,&quot;3&quot;:{&quot;1&quot;:0},&quot;12&quot;:0,&quot;14&quot;:{&quot;1&quot;:2,&quot;2&quot;:0},&quot;15&quot;:&quot;Arial&quot;,&quot;16&quot;:10}\" style=\"color: #ffffff;\"><strong>Gigantograf\u00edas<\/strong><\/span><span data-sheets-root=\"1\" data-sheets-value=\"{&quot;1&quot;:2,&quot;2&quot;:&quot;J.A.C Barrio Obrero&quot;}\" data-sheets-userformat=\"{&quot;2&quot;:14849,&quot;3&quot;:{&quot;1&quot;:0},&quot;12&quot;:0,&quot;14&quot;:{&quot;1&quot;:2,&quot;2&quot;:0},&quot;15&quot;:&quot;Arial&quot;,&quot;16&quot;:10}\"><br \/><strong><\/strong><\/span><\/p>\n<p style=\"text-align: center;\"><span data-sheets-root=\"1\" data-sheets-value=\"{&quot;1&quot;:2,&quot;2&quot;:&quot;J.A.C Barrio Obrero&quot;}\" data-sheets-userformat=\"{&quot;2&quot;:14849,&quot;3&quot;:{&quot;1&quot;:0},&quot;12&quot;:0,&quot;14&quot;:{&quot;1&quot;:2,&quot;2&quot;:0},&quot;15&quot;:&quot;Arial&quot;,&quot;16&quot;:10}\"><strong>J.A.C Barrio Obrero<\/strong><br \/>(Carrera 91 &#8211; Cl 103A)<br \/><\/span><span data-sheets-root=\"1\" data-sheets-value=\"{&quot;1&quot;:2,&quot;2&quot;:&quot;J.A.C Barrio Obrero&quot;}\" data-sheets-userformat=\"{&quot;2&quot;:14849,&quot;3&quot;:{&quot;1&quot;:0},&quot;12&quot;:0,&quot;14&quot;:{&quot;1&quot;:2,&quot;2&quot;:0},&quot;15&quot;:&quot;Arial&quot;,&quot;16&quot;:10}\"><strong>Alcald\u00eda Municipal<\/strong><br \/>(Carrera 100 # 103A\u201302)<br \/><\/span><span data-sheets-root=\"1\" data-sheets-value=\"{&quot;1&quot;:2,&quot;2&quot;:&quot;J.A.C Barrio Obrero&quot;}\" data-sheets-userformat=\"{&quot;2&quot;:14849,&quot;3&quot;:{&quot;1&quot;:0},&quot;12&quot;:0,&quot;14&quot;:{&quot;1&quot;:2,&quot;2&quot;:0},&quot;15&quot;:&quot;Arial&quot;,&quot;16&quot;:10}\"><strong>Placa Deportiva 4 de junio<\/strong><br \/>(Carrera 84)<br \/><strong>Casa de la Cultura<\/strong><br \/>(Carrera 98)<br \/><strong>I.E La Paz<\/strong><br \/>(Calle 111 #56B)<br \/><strong>Biblioteca P\u00fablica municipal<\/strong><br \/>(Carrera 93 A #96a-09)<\/span><\/p>\n<p style=\"text-align: center;\">\u00a0<span data-sheets-root=\"1\" data-sheets-value=\"{&quot;1&quot;:2,&quot;2&quot;:&quot;J.A.C Barrio Obrero&quot;}\" data-sheets-userformat=\"{&quot;2&quot;:14849,&quot;3&quot;:{&quot;1&quot;:0},&quot;12&quot;:0,&quot;14&quot;:{&quot;1&quot;:2,&quot;2&quot;:0},&quot;15&quot;:&quot;Arial&quot;,&quot;16&quot;:10}\"><span data-sheets-root=\"1\" data-sheets-value=\"{&quot;1&quot;:2,&quot;2&quot;:&quot;J.A.C Barrio Obrero&quot;}\" data-sheets-userformat=\"{&quot;2&quot;:14849,&quot;3&quot;:{&quot;1&quot;:0},&quot;12&quot;:0,&quot;14&quot;:{&quot;1&quot;:2,&quot;2&quot;:0},&quot;15&quot;:&quot;Arial&quot;,&quot;16&quot;:10}\" style=\"color: #ffffff;\"><strong>Galer\u00eda Itinerante<\/strong><span style=\"text-decoration: underline;\"><strong><br \/><\/strong><\/span><\/span><\/span><\/p>\n<p style=\"text-align: center;\"><strong><span data-sheets-root=\"1\" data-sheets-value=\"{&quot;1&quot;:2,&quot;2&quot;:&quot;C.C Plaza del Rio &quot;}\" data-sheets-userformat=\"{&quot;2&quot;:513,&quot;3&quot;:{&quot;1&quot;:0},&quot;12&quot;:0}\">C.C Plaza del Rio <\/span><br \/><\/strong><span>(Carrera 100 #103 \u2013 45)<\/span><br \/><strong>Biblioteca P\u00fablica municipal<br \/><\/strong>(Carrera 100 # 103A\u201302)<strong><\/strong><\/p>\n<p>[\/et_pb_blurb][\/et_pb_column][et_pb_column type=\u00bb1_3&#8243; _builder_version=\u00bb4.25.0&#8243; _module_preset=\u00bbdefault\u00bb global_colors_info=\u00bb{}\u00bb][et_pb_blurb title=\u00bbC\u00facuta\u00bb image=\u00bbhttps:\/\/ciudadessinborde.casadelasestrategias.com\/wp-content\/uploads\/2024\/05\/tnda-2-10.png\u00bb _builder_version=\u00bb4.25.0&#8243; _module_preset=\u00bbdefault\u00bb header_font=\u00bbBarlow|700|||||||\u00bb header_text_align=\u00bbcenter\u00bb header_text_color=\u00bb#FFFFFF\u00bb header_font_size=\u00bb30px\u00bb body_font=\u00bbBarlow||||||||\u00bb body_text_align=\u00bbcenter\u00bb body_text_color=\u00bb#352769&#8243; body_font_size=\u00bb18px\u00bb background_color=\u00bb#0fa56a\u00bb custom_margin=\u00bb10px||||false|false\u00bb custom_padding=\u00bb20px|20px|20px|20px|true|true\u00bb hover_enabled=\u00bb0&#8243; border_radii=\u00bbon|20px|20px|20px|20px\u00bb border_radii_image=\u00bbon|20px|20px|20px|20px\u00bb box_shadow_style_image=\u00bbpreset3&#8243; global_colors_info=\u00bb{}\u00bb sticky_enabled=\u00bb0&#8243; title_text=\u00bbtnda 2 (10)\u00bb]<\/p>\n<p style=\"text-align: center;\"><span data-sheets-root=\"1\" data-sheets-value=\"{&quot;1&quot;:2,&quot;2&quot;:&quot;J.A.C Barrio Obrero&quot;}\" data-sheets-userformat=\"{&quot;2&quot;:14849,&quot;3&quot;:{&quot;1&quot;:0},&quot;12&quot;:0,&quot;14&quot;:{&quot;1&quot;:2,&quot;2&quot;:0},&quot;15&quot;:&quot;Arial&quot;,&quot;16&quot;:10}\" style=\"color: #fcbe00;\">Gigantograf\u00edas<\/span><span data-sheets-root=\"1\" data-sheets-value=\"{&quot;1&quot;:2,&quot;2&quot;:&quot;J.A.C Barrio Obrero&quot;}\" data-sheets-userformat=\"{&quot;2&quot;:14849,&quot;3&quot;:{&quot;1&quot;:0},&quot;12&quot;:0,&quot;14&quot;:{&quot;1&quot;:2,&quot;2&quot;:0},&quot;15&quot;:&quot;Arial&quot;,&quot;16&quot;:10}\"><br \/><strong><\/strong><\/span><\/p>\n<p style=\"text-align: center;\"><span style=\"color: #ffffff;\"><strong>Emisora de Atalaya<\/strong><br \/>(Calle 6N # 26-118)<br \/><strong>Colegio Julio P\u00e9rez Ferrer<\/strong><br \/>(Calle 14a)<br \/><strong>Universidad Francisco de Paula Santander<\/strong><br \/><\/span><span style=\"color: #ffffff;\">(Av 0-a Gran Colombia #12E 96)<br \/><strong>JAC Claret<\/strong><br \/>(Calle 5 #11-25)<br \/><strong>Centro Regional de V\u00edctimas<\/strong><br \/>(Calle 0 #12 -17)<br \/><strong>JAC Motilones<\/strong><br \/>(Calle 2 #3-55)<\/span><\/p>\n<p style=\"text-align: center;\">\u00a0<span data-sheets-root=\"1\" data-sheets-value=\"{&quot;1&quot;:2,&quot;2&quot;:&quot;J.A.C Barrio Obrero&quot;}\" data-sheets-userformat=\"{&quot;2&quot;:14849,&quot;3&quot;:{&quot;1&quot;:0},&quot;12&quot;:0,&quot;14&quot;:{&quot;1&quot;:2,&quot;2&quot;:0},&quot;15&quot;:&quot;Arial&quot;,&quot;16&quot;:10}\" style=\"color: #ffffff;\"><span style=\"color: #fcbe00;\">Galer\u00eda Itinerante<\/span><span style=\"text-decoration: underline;\"><br \/><\/span><\/span><\/p>\n<p style=\"text-align: center;\"><span style=\"color: #ffffff;\"><strong>Banco de la Republica <\/strong><br \/>(Dg Santander\u00a0#3\u00a0E-38)<\/span><br \/><span style=\"color: #ffffff;\"><strong>Centro Regional de V\u00edctimas<\/strong><br \/>(Calle 0 #12 -17)<br \/><strong>Universidad Francisco de Paula Santander<\/strong><br \/><\/span><strong><\/strong><span style=\"color: #ffffff;\">(Av 0-a Gran Colombia #12E 96)<\/span><\/p>\n<p>[\/et_pb_blurb][\/et_pb_column][et_pb_column type=\u00bb1_3&#8243; _builder_version=\u00bb4.25.0&#8243; _module_preset=\u00bbdefault\u00bb global_colors_info=\u00bb{}\u00bb][et_pb_blurb title=\u00bbMedell\u00edn\u00bb image=\u00bbhttps:\/\/ciudadessinborde.casadelasestrategias.com\/wp-content\/uploads\/2024\/05\/4242.png\u00bb _builder_version=\u00bb4.25.0&#8243; _module_preset=\u00bbdefault\u00bb header_font=\u00bbBarlow|700|||||||\u00bb header_text_align=\u00bbcenter\u00bb header_text_color=\u00bb#412c86&#8243; header_font_size=\u00bb30px\u00bb body_font=\u00bbBarlow|600|||||||\u00bb body_text_align=\u00bbcenter\u00bb body_text_color=\u00bb#352769&#8243; body_font_size=\u00bb18px\u00bb background_color=\u00bb#00aab9&#8243; custom_margin=\u00bb10px||||false|false\u00bb custom_padding=\u00bb20px|20px|20px|20px|true|true\u00bb hover_enabled=\u00bb0&#8243; border_radii=\u00bbon|20px|20px|20px|20px\u00bb border_radii_image=\u00bbon|20px|20px|20px|20px\u00bb box_shadow_style_image=\u00bbpreset3&#8243; global_colors_info=\u00bb{}\u00bb title_text=\u00bb4242&#8243; sticky_enabled=\u00bb0&#8243;]<\/p>\n<p style=\"text-align: center;\"><span data-sheets-root=\"1\" data-sheets-value=\"{&quot;1&quot;:2,&quot;2&quot;:&quot;J.A.C Barrio Obrero&quot;}\" data-sheets-userformat=\"{&quot;2&quot;:14849,&quot;3&quot;:{&quot;1&quot;:0},&quot;12&quot;:0,&quot;14&quot;:{&quot;1&quot;:2,&quot;2&quot;:0},&quot;15&quot;:&quot;Arial&quot;,&quot;16&quot;:10}\" style=\"color: #ffffff;\">Gigantograf\u00edas<\/span><span data-sheets-root=\"1\" data-sheets-value=\"{&quot;1&quot;:2,&quot;2&quot;:&quot;J.A.C Barrio Obrero&quot;}\" data-sheets-userformat=\"{&quot;2&quot;:14849,&quot;3&quot;:{&quot;1&quot;:0},&quot;12&quot;:0,&quot;14&quot;:{&quot;1&quot;:2,&quot;2&quot;:0},&quot;15&quot;:&quot;Arial&quot;,&quot;16&quot;:10}\"><br \/><strong><\/strong><\/span><\/p>\n<p><strong>Establecimientos p\u00fablicos (parques bibliotecas o bibliotecas p\u00fablicas) del Sistema en las siguientes zonas:<\/strong><\/p>\n<p>Bel\u00e9n<br \/><strong>San Antonio de Prado<\/strong><br \/>12 de octubre<br \/><strong>San Javier<\/strong><br \/>San Crist\u00f3bal<br \/><strong>Le\u00f3n de Greiff &#8211; La Ladera<\/strong><\/p>\n<p style=\"text-align: center;\">\u00a0<span data-sheets-root=\"1\" data-sheets-value=\"{&quot;1&quot;:2,&quot;2&quot;:&quot;J.A.C Barrio Obrero&quot;}\" data-sheets-userformat=\"{&quot;2&quot;:14849,&quot;3&quot;:{&quot;1&quot;:0},&quot;12&quot;:0,&quot;14&quot;:{&quot;1&quot;:2,&quot;2&quot;:0},&quot;15&quot;:&quot;Arial&quot;,&quot;16&quot;:10}\"><span data-sheets-root=\"1\" data-sheets-value=\"{&quot;1&quot;:2,&quot;2&quot;:&quot;J.A.C Barrio Obrero&quot;}\" data-sheets-userformat=\"{&quot;2&quot;:14849,&quot;3&quot;:{&quot;1&quot;:0},&quot;12&quot;:0,&quot;14&quot;:{&quot;1&quot;:2,&quot;2&quot;:0},&quot;15&quot;:&quot;Arial&quot;,&quot;16&quot;:10}\" style=\"color: #ffffff;\">Galer\u00eda Itinerante<span style=\"text-decoration: underline;\"><strong><br \/><\/strong><\/span><\/span><\/span><\/p>\n<p>Biblioteca P\u00fablica La Floresta<br \/><strong>Parque Biblioteca El Limonar<\/strong><br \/><strong>(San Antonio de Prado)<\/strong><br \/>Biblioteca P\u00fablica El Poblado<br \/><strong>Centro de documentaci\u00f3n Musical El Jord\u00e1n<\/strong><br \/>Biblioteca P\u00fablica Santa Cruz<br \/><strong>Casa de la Literatura (San Germ\u00e1n)<\/strong><br \/>Biblioteca P\u00fablica Altavista<br \/><strong>Biblioteca P\u00fablica Palmitas<\/strong><\/p>\n<p>[\/et_pb_blurb][\/et_pb_column][\/et_pb_row][et_pb_row _builder_version=\u00bb4.25.0&#8243; _module_preset=\u00bbdefault\u00bb global_colors_info=\u00bb{}\u00bb][et_pb_column type=\u00bb4_4&#8243; _builder_version=\u00bb4.25.0&#8243; _module_preset=\u00bbdefault\u00bb global_colors_info=\u00bb{}\u00bb][et_pb_button button_url=\u00bbhttps:\/\/ciudadessinborde.casadelasestrategias.com\/\u00bb button_text=\u00bbIr a la galer\u00eda digital\u00bb button_alignment=\u00bbcenter\u00bb _builder_version=\u00bb4.25.0&#8243; _module_preset=\u00bbdefault\u00bb custom_button=\u00bbon\u00bb button_text_size=\u00bb25px\u00bb button_text_color=\u00bb#FFFFFF\u00bb button_bg_color=\u00bb#00aab9&#8243; button_border_color=\u00bbRGBA(255,255,255,0)\u00bb button_border_radius=\u00bb20px\u00bb button_font=\u00bbBarlow|600|||||||\u00bb custom_margin=\u00bb||30px||false|false\u00bb global_colors_info=\u00bb{}\u00bb][\/et_pb_button][\/et_pb_column][\/et_pb_row][\/et_pb_section]<\/p>\n","protected":false},"excerpt":{"rendered":"<p>Gigantograf\u00edas J.A.C Barrio Obrero(Carrera 91 &#8211; Cl 103A)Alcald\u00eda Municipal(Carrera 100 # 103A\u201302)Placa Deportiva 4 de junio(Carrera 84)Casa de la Cultura(Carrera 98)I.E La Paz(Calle 111 #56B)Biblioteca P\u00fablica municipal(Carrera 93 A #96a-09) \u00a0Galer\u00eda Itinerante C.C Plaza del Rio (Carrera 100 #103 \u2013 45)Biblioteca P\u00fablica municipal(Carrera 100 # 103A\u201302)Gigantograf\u00edas Emisora de Atalaya(Calle 6N # 26-118)Colegio Julio P\u00e9rez Ferrer(Calle [&hellip;]<\/p>\n","protected":false},"author":1,"featured_media":0,"parent":0,"menu_order":0,"comment_status":"closed","ping_status":"closed","template":"","meta":{"_et_pb_use_builder":"on","_et_pb_old_content":"","_et_gb_content_width":"","footnotes":""},"class_list":["post-1087","page","type-page","status-publish","hentry"],"_links":{"self":[{"href":"https:\/\/ciudadessinborde.casadelasestrategias.com\/index.php\/wp-json\/wp\/v2\/pages\/1087","targetHints":{"allow":["GET"]}}],"collection":[{"href":"https:\/\/ciudadessinborde.casadelasestrategias.com\/index.php\/wp-json\/wp\/v2\/pages"}],"about":[{"href":"https:\/\/ciudadessinborde.casadelasestrategias.com\/index.php\/wp-json\/wp\/v2\/types\/page"}],"author":[{"embeddable":true,"href":"https:\/\/ciudadessinborde.casadelasestrategias.com\/index.php\/wp-json\/wp\/v2\/users\/1"}],"replies":[{"embeddable":true,"href":"https:\/\/ciudadessinborde.casadelasestrategias.com\/index.php\/wp-json\/wp\/v2\/comments?post=1087"}],"version-history":[{"count":15,"href":"https:\/\/ciudadessinborde.casadelasestrategias.com\/index.php\/wp-json\/wp\/v2\/pages\/1087\/revisions"}],"predecessor-version":[{"id":1112,"href":"https:\/\/ciudadessinborde.casadelasestrategias.com\/index.php\/wp-json\/wp\/v2\/pages\/1087\/revisions\/1112"}],"wp:attachment":[{"href":"https:\/\/ciudadessinborde.casadelasestrategias.com\/index.php\/wp-json\/wp\/v2\/media?parent=1087"}],"curies":[{"name":"wp","href":"https:\/\/api.w.org\/{rel}","templated":true}]}}